{"id":453,"date":"2020-05-03T14:38:48","date_gmt":"2020-05-03T12:38:48","guid":{"rendered":"http:\/\/emey.nu\/dehuppel\/?page_id=453"},"modified":"2023-08-01T15:02:27","modified_gmt":"2023-08-01T13:02:27","slug":"samen","status":"publish","type":"page","link":"https:\/\/emey.nu\/dehuppel\/samen\/","title":{"rendered":"Samen"},"content":{"rendered":"\n<h2 class=\"has-text-color wp-block-heading\" style=\"color:#2e6996\">Doe je mee?<\/h2>\n\n\n\n<p style=\"color:#2e6996\" class=\"has-text-color\">Bij elke column of blogtekst plaats ik graag een foto. Omdat ik denk dat dit je gedachten ook kan inspireren. En natuurlijk om te stimuleren dat je de tekst leest. Maar dat lukt niet altijd. Ik kan dan geen geschikt plaatje vinden. Of ik heb geen inspiratie om een foto te maken.<\/p>\n\n\n\n<p style=\"color:#2e6996\" class=\"has-text-color has-background has-very-light-gray-background-color\">Dit is het punt waarin ik graag wil samen werken.<\/p>\n\n\n\n<p style=\"color:#2e6996\" class=\"has-text-color\">Ik vind het leuk als je me een foto stuurt dat volgens jou past bij een tekst waar nog geen foto is geplaatst. Dat mag ook een foto van een tekening of ander kunstwerk zijn dat je zelf hebt gemaakt. Op die manier kunnen we elkaar stimuleren in onze hobby. Je kunt mailen via het contactformulier en daarin melden dat je een foto hebt. Ik stuur je dan mijn mail adres.<\/p>\n\n\n\n<h2 class=\"has-text-color has-text-align-left wp-block-heading\" style=\"color:#2e6996\"><img loading=\"lazy\" decoding=\"async\" width=\"150\" height=\"153\" class=\"wp-image-378\" style=\"width: 150px;\" src=\"http:\/\/emey.nu\/dehuppel\/wp-content\/uploads\/2020\/05\/loesje-samen-1.jpg\" alt=\"\" srcset=\"https:\/\/emey.nu\/dehuppel\/wp-content\/uploads\/2020\/05\/loesje-samen-1.jpg 479w, https:\/\/emey.nu\/dehuppel\/wp-content\/uploads\/2020\/05\/loesje-samen-1-295x300.jpg 295w\" sizes=\"auto, (max-width: 150px) 100vw, 150px\" \/>          Inspiratie<\/h2>\n\n\n\n<p style=\"color:#2e6996\" class=\"has-text-color\">Ik zoek overal inspiratie en wil dit graag delen. Daarom publiceer ik op deze pagina een link naar de mensen die mij inspireren.<\/p>\n\n\n\n<p style=\"color:#2e6996\" class=\"has-text-color\">Als jij jouw foto&#8217;s of idee\u00ebn over mijn website deelt \u00e9n ik wordt hierdoor ge\u00efnspireerd, dan plaats ik op deze pagina ook een link naar jouw website of social media pagina. Uiteraard eerst na toestemming. <\/p>\n\n\n\n<p style=\"color:#2e6996\" class=\"has-text-color has-background has-very-light-gray-background-color\">Gebruik het <a rel=\"noreferrer noopener\" href=\"https:\/\/emey.nu\/dehuppel\/contact\/\" target=\"_blank\"><span class=\"has-inline-color has-vivid-cyan-blue-color\">contactformulier<\/span><\/a> om mij te mailen.<\/p>\n\n\n\n<h2 class=\"has-text-color wp-block-heading\" style=\"color:#2e6996\">Met dank aan<\/h2>\n\n\n\n<div class=\"wp-block-group\"><div class=\"wp-block-group__inner-container is-layout-flow wp-block-group-is-layout-flow\">\n<div class=\"wp-block-columns is-layout-flex wp-container-core-columns-is-layout-9d6595d7 wp-block-columns-is-layout-flex\">\n<div class=\"wp-block-column is-layout-flow wp-block-column-is-layout-flow\">\n<figure class=\"wp-block-gallery columns-1 is-cropped wp-block-gallery-1 is-layout-flex wp-block-gallery-is-layout-flex\"><ul class=\"blocks-gallery-grid\"><li class=\"blocks-gallery-item\"><figure><img loading=\"lazy\" decoding=\"async\" width=\"688\" height=\"1024\" src=\"http:\/\/emey.nu\/dehuppel\/wp-content\/uploads\/2020\/05\/Paardenkracht-3-688x1024.jpg\" alt=\"\" data-id=\"551\" data-full-url=\"http:\/\/emey.nu\/dehuppel\/wp-content\/uploads\/2020\/05\/Paardenkracht-3.jpg\" data-link=\"http:\/\/emey.nu\/dehuppel\/samen\/paardenkracht-3\/\" class=\"wp-image-551\" srcset=\"https:\/\/emey.nu\/dehuppel\/wp-content\/uploads\/2020\/05\/Paardenkracht-3-688x1024.jpg 688w, https:\/\/emey.nu\/dehuppel\/wp-content\/uploads\/2020\/05\/Paardenkracht-3-202x300.jpg 202w, https:\/\/emey.nu\/dehuppel\/wp-content\/uploads\/2020\/05\/Paardenkracht-3-768x1143.jpg 768w, https:\/\/emey.nu\/dehuppel\/wp-content\/uploads\/2020\/05\/Paardenkracht-3-1032x1536.jpg 1032w, https:\/\/emey.nu\/dehuppel\/wp-content\/uploads\/2020\/05\/Paardenkracht-3.jpg 1344w\" sizes=\"auto, (max-width: 688px) 100vw, 688px\" \/><\/figure><\/li><\/ul><figcaption class=\"blocks-gallery-caption\">Mieke met haar boek.<br>te koop o.a. via <a rel=\"noreferrer noopener\" href=\"https:\/\/www.boekscout.nl\/shop2\/boek.php?bid=9426\" target=\"_blank\">boekscout<\/a><\/figcaption><\/figure>\n<\/div>\n\n\n\n<div class=\"wp-block-column is-layout-flow wp-block-column-is-layout-flow\"><\/div>\n\n\n\n<div class=\"wp-block-column is-layout-flow wp-block-column-is-layout-flow\"><\/div>\n<\/div>\n<\/div><\/div>\n","protected":false},"excerpt":{"rendered":"<p>Doe je mee? Bij elke column of blogtekst plaats ik graag een foto. Omdat ik denk dat dit je gedachten ook kan inspireren. En natuurlijk om te stimuleren dat je de tekst leest. Maar dat lukt niet altijd. Ik kan dan geen geschikt plaatje vinden. Of ik heb geen inspiratie om een foto te maken.&hellip;<\/p>\n","protected":false},"author":1,"featured_media":0,"parent":0,"menu_order":0,"comment_status":"closed","ping_status":"closed","template":"","meta":{"_monsterinsights_skip_tracking":false,"_monsterinsights_sitenote_active":false,"_monsterinsights_sitenote_note":"","_monsterinsights_sitenote_category":0,"footnotes":""},"class_list":["post-453","page","type-page","status-publish","hentry"],"_links":{"self":[{"href":"https:\/\/emey.nu\/dehuppel\/wp-json\/wp\/v2\/pages\/453","targetHints":{"allow":["GET"]}}],"collection":[{"href":"https:\/\/emey.nu\/dehuppel\/wp-json\/wp\/v2\/pages"}],"about":[{"href":"https:\/\/emey.nu\/dehuppel\/wp-json\/wp\/v2\/types\/page"}],"author":[{"embeddable":true,"href":"https:\/\/emey.nu\/dehuppel\/wp-json\/wp\/v2\/users\/1"}],"replies":[{"embeddable":true,"href":"https:\/\/emey.nu\/dehuppel\/wp-json\/wp\/v2\/comments?post=453"}],"version-history":[{"count":10,"href":"https:\/\/emey.nu\/dehuppel\/wp-json\/wp\/v2\/pages\/453\/revisions"}],"predecessor-version":[{"id":557,"href":"https:\/\/emey.nu\/dehuppel\/wp-json\/wp\/v2\/pages\/453\/revisions\/557"}],"wp:attachment":[{"href":"https:\/\/emey.nu\/dehuppel\/wp-json\/wp\/v2\/media?parent=453"}],"curies":[{"name":"wp","href":"https:\/\/api.w.org\/{rel}","templated":true}]}}